{"id":253,"date":"2017-06-29T23:02:18","date_gmt":"2017-06-29T23:02:18","guid":{"rendered":"http:\/\/benjie.de\/page\/?page_id=253"},"modified":"2023-10-07T10:49:37","modified_gmt":"2023-10-07T10:49:37","slug":"schatten-licht","status":"publish","type":"page","link":"https:\/\/benjie.de\/page\/musik\/schatten-licht\/","title":{"rendered":"Schatten &#038; Licht"},"content":{"rendered":"\n<div id=\"wp-block-themeisle-blocks-advanced-columns-04a66ef3\" class=\"wp-block-themeisle-blocks-advanced-columns has-1-columns has-desktop-equal-layout has-tablet-equal-layout has-mobile-equal-layout has-vertical-unset\"><div class=\"wp-block-themeisle-blocks-advanced-columns-overlay\"><\/div><div class=\"innerblocks-wrap\">\n<div id=\"wp-block-themeisle-blocks-advanced-column-1476ec36\" class=\"wp-block-themeisle-blocks-advanced-column\"><div class=\"wp-block-themeisle-blocks-advanced-column-overlay\"><\/div>\n<figure class=\"wp-block-image size-large has-custom-border is-style-default\"><img decoding=\"async\" loading=\"lazy\" width=\"1024\" height=\"1024\" src=\"https:\/\/benjie.de\/page\/wp-content\/uploads\/2023\/09\/SchattenLicht_Front-1024x1024.png\" alt=\"Schatten und Licht Cover\" class=\"wp-image-1821\" style=\"border-style:none;border-width:0px;border-radius:12px\" srcset=\"https:\/\/benjie.de\/page\/wp-content\/uploads\/2023\/09\/SchattenLicht_Front-1024x1024.png 1024w, https:\/\/benjie.de\/page\/wp-content\/uploads\/2023\/09\/SchattenLicht_Front-300x300.png 300w, https:\/\/benjie.de\/page\/wp-content\/uploads\/2023\/09\/SchattenLicht_Front-150x150.png 150w, https:\/\/benjie.de\/page\/wp-content\/uploads\/2023\/09\/SchattenLicht_Front-768x768.png 768w, https:\/\/benjie.de\/page\/wp-content\/uploads\/2023\/09\/SchattenLicht_Front-1536x1536.png 1536w, https:\/\/benjie.de\/page\/wp-content\/uploads\/2023\/09\/SchattenLicht_Front-2048x2048.png 2048w\" sizes=\"(max-width: 1024px) 100vw, 1024px\" \/><\/figure>\n\n\n\n<div id=\"wp-block-themeisle-blocks-advanced-columns-2ddb537c\" class=\"wp-block-themeisle-blocks-advanced-columns has-1-columns has-desktop-equal-layout has-tablet-equal-layout has-mobile-equal-layout has-vertical-unset\"><div class=\"wp-block-themeisle-blocks-advanced-columns-overlay\"><\/div><div class=\"innerblocks-wrap\">\n<div id=\"wp-block-themeisle-blocks-advanced-column-657db1aa\" class=\"wp-block-themeisle-blocks-advanced-column has-dark-bg\">\n<div id=\"wp-block-themeisle-blocks-advanced-columns-e904a0f1\" class=\"wp-block-themeisle-blocks-advanced-columns has-1-columns has-desktop-equal-layout has-tablet-equal-layout has-mobile-collapsedRows-layout has-vertical-unset\"><div class=\"wp-block-themeisle-blocks-advanced-columns-overlay\"><\/div><div class=\"innerblocks-wrap\">\n<div id=\"wp-block-themeisle-blocks-advanced-column-3d4e479f\" class=\"wp-block-themeisle-blocks-advanced-column\">\n<p><strong>Release:<\/strong>2015 Free Download, Rereleased 2021 @ LoneRanger \/ I-Groove<br \/><strong>Format:<\/strong> 12 Songs, MP3<\/p>\n<p>Urspr\u00fcnglich sollte dies ein Doppel-Album werden. Im Rahmen der recht langen Produktionszeit durchlief die Platte jedoch so viele Phasen, dass ich das Ergebnis auch heute nicht wirklich treffend beschreiben kann. Eine Phase beinhaltete die Ausarbeitung der Analog-Schiene des LoneRanger Studios \u00fcber welche die komplett Sampler basierten Beats zusammengef\u00fchrt und f\u00fcr das digitale Universum vorbereitet wurden. R\u00fcckblickend die bisher ruhigste, aber auch intensivste Produktion. Ver\u00f6ffentlicht wurde zun\u00e4chst ohne Cover als freier Download auf benjie.de und 2021 dann nochmal amtlich mit dem neuen Ver\u00f6ffentlichungs-Partner I-Groove als MP3.<\/p>\n<\/div>\n<\/div><\/div>\n<\/div>\n<\/div><\/div>\n<\/div>\n<\/div><\/div>\n\n\n\n<div style=\"height:40px\" aria-hidden=\"true\" class=\"wp-block-spacer\"><\/div>\n\n\n\n<h2 class=\"wp-block-heading has-small-font-size\" id=\"PLAYER\"><\/h2>\n\n\n\n<div id=\"wp-block-themeisle-blocks-advanced-columns-0592bd48\" class=\"wp-block-themeisle-blocks-advanced-columns has-1-columns has-desktop-equal-layout has-tablet-equal-layout has-mobile-equal-layout has-vertical-unset\"><div class=\"wp-block-themeisle-blocks-advanced-columns-overlay\"><\/div><div class=\"innerblocks-wrap\">\n<div id=\"wp-block-themeisle-blocks-advanced-column-66cd6766\" class=\"wp-block-themeisle-blocks-advanced-column has-dark-bg\">\n<article id=\"arbitrary-instance-69f89fcec7b17\" class=\"iron_widget_radio playlist_enabled sr_track_inline_cta_bt__yes\"><div class=\"iron-audioplayer  show-playlist sonaar-no-artwork sr_waveform_mediaElement playlist_has_no_ctas srp_tracklist_grid\" id=\"arbitrary-instance-69f89fcec7b17-eec432e171\" data-id=\"arbitrary-instance-69f89fcec7b17\" data-albums=\"462\"data-url-playlist=\"https:\/\/benjie.de\/page\/?load=playlist.json&#038;title=&#038;albums=462&#038;category=&#038;feed_title=&#038;feed=&#038;feed_img=&#038;el_widget_id=&#038;artwork=&#038;posts_per_pages=-1&#038;all_category=&#038;single_playlist=&#038;reverse_tracklist=&#038;audio_meta_field=&#038;repeater_meta_field=&#038;import_file=&#038;rss_items=-1&#038;rss_item_title=&#038;is_favorite=\" data-sticky-player=\"0\" data-shuffle=\"\" data-playlist_title=\"\" data-scrollbar=\"\" data-wave-color=\"\" data-wave-progress-color=\"\" data-spectro=\"\" data-no-wave=\"0\" data-hide-progressbar=\"\" data-progress-bar-style=\"\"data-feedurl=\"0\" data-notrackskip=\"\" data-no-loop-tracklist=\"\" data-playertemplate =\"skin_boxed_tracklist\" data-hide-artwork =\"1\" data-speedrate=\"1\" \" data-tracks-per-page=\"\" data-adaptive-colors=\"\" data-adaptive-colors-freeze=\"\" data-col=\"4\" data-col-tablet=\"3\" data-col-mobile=\"2\" style=\"opacity:0;\"><div class=\"srp_player_boxed srp_player_grid\"><div class=\"album-player\"><div class=\"album-title\"><\/div><div class=\"srp_subtitle\">LP 2015 \/ 2021<\/div><div class=\"srp_player_meta\"><\/div><div class=\"srp_control_box\">\n            <div class=\"srp-play-button play\" href=\"#\" aria-label=\"Play\">\n                <i class=\"sricon-play\"><\/i>\n                <div class=\"srp-play-circle\"><\/div>\n            <\/div><div class=\"srp_wave_box\"> <div class=\"player \" ><div class=\"sr_progressbar\">\n                \n            <div class=\"currentTime\"><\/div>\n         \n                <div id=\"arbitrary-instance-69f89fcec7b17-1c8344f445-wave\" class=\"wave\" >\n                \n            <div class=\"sonaar_fake_wave\" style=\"height:70px\">\n                <audio src=\"\" class=\"sonaar_media_element\"><\/audio>\n                <div class=\"sonaar_wave_base\">\n                    <canvas id=arbitrary-instance-69f89fcec7b17-container class=\"\" height=\"70\" width=\"2540\"><\/canvas>\n                    <svg><\/svg>\n                <\/div>\n                <div class=\"sonaar_wave_cut\">\n                    <canvas id=arbitrary-instance-69f89fcec7b17-progress class=\"\" height=\"70\" width=\"2540\"><\/canvas>\n                    <svg><\/svg>\n                <\/div>\n            <\/div> \n                <\/div>\n                \n            <div class=\"totalTime\"><\/div>\n         \n             <\/div><\/div><div class=\"control\"><div class=\"previous sricon-back\" style=\"opacity:0;\" aria-label=\"Previous Track\"><\/div><div class=\"play\" style=\"opacity:0;\" aria-label=\"Play\">\n                <i class=\"sricon-play\"><\/i>\n            <\/div><div class=\"next sricon-forward\" style=\"opacity:0;\" aria-label=\"Next Track\"><\/div><\/div><\/div><\/div><\/div><\/div><div class=\"playlist\" id=\"playlist_arbitrary-instance-69f89fcec7b17\"><div class=\"srp_tracklist\"><ul class=\"srp_list\"><li \n            class=\"sr-playlist-item sr-playlist-item-flex\" \n            data-audiopath=\"https:\/\/benjie.de\/page\/wp-content\/uploads\/2015\/12\/01---Einfach-und-Leicht.mp3\"\n            data-showloading=\"1\"\n            data-albumTitle=\"Schatten und Licht\"\n            data-albumArt=\"\"\n            data-releasedate=\"LP 2015 \/ 2021\"\n            data-date=\"2020\/11\/13\"\n            data-show-date=\"\"\n            data-trackTitle=\"Einfach &amp; Leicht\"\n            data-trackID=\"119\"\n            data-trackTime=\"\"\n            data-relatedTrack=\"\"\n            data-post-url=\"\"\n            data-post-id=\"462\"\n            data-track-pos=\"0\"\n            data-track-lyric=\"\" data-icecast_json=\"\" data-icecast_mount=\"\"><span class=\"store-list\"><\/span><\/li><li \n            class=\"sr-playlist-item sr-playlist-item-flex\" \n            data-audiopath=\"https:\/\/benjie.de\/page\/wp-content\/uploads\/2015\/12\/02---2014.mp3\"\n            data-showloading=\"1\"\n            data-albumTitle=\"Schatten und Licht\"\n            data-albumArt=\"\"\n            data-releasedate=\"LP 2015 \/ 2021\"\n            data-date=\"2020\/11\/13\"\n            data-show-date=\"\"\n            data-trackTitle=\"2014\"\n            data-trackID=\"92\"\n            data-trackTime=\"\"\n            data-relatedTrack=\"\"\n            data-post-url=\"\"\n            data-post-id=\"462\"\n            data-track-pos=\"1\"\n            data-track-lyric=\"\" data-icecast_json=\"\" data-icecast_mount=\"\"><span class=\"store-list\"><\/span><\/li><li \n            class=\"sr-playlist-item sr-playlist-item-flex\" \n            data-audiopath=\"https:\/\/benjie.de\/page\/wp-content\/uploads\/2015\/12\/03---Kaempfer.mp3\"\n            data-showloading=\"1\"\n            data-albumTitle=\"Schatten und Licht\"\n            data-albumArt=\"\"\n            data-releasedate=\"LP 2015 \/ 2021\"\n            data-date=\"2020\/11\/13\"\n            data-show-date=\"\"\n            data-trackTitle=\"K\u00e4mpfer\"\n            data-trackID=\"98\"\n            data-trackTime=\"\"\n            data-relatedTrack=\"\"\n            data-post-url=\"\"\n            data-post-id=\"462\"\n            data-track-pos=\"2\"\n            data-track-lyric=\"\" data-icecast_json=\"\" data-icecast_mount=\"\"><span class=\"store-list\"><\/span><\/li><li \n            class=\"sr-playlist-item sr-playlist-item-flex\" \n            data-audiopath=\"https:\/\/benjie.de\/page\/wp-content\/uploads\/2015\/12\/04---Ohne-Schlaege.mp3\"\n            data-showloading=\"1\"\n            data-albumTitle=\"Schatten und Licht\"\n            data-albumArt=\"\"\n            data-releasedate=\"LP 2015 \/ 2021\"\n            data-date=\"2020\/11\/13\"\n            data-show-date=\"\"\n            data-trackTitle=\"Ohne Schl\u00e4ge\"\n            data-trackID=\"99\"\n            data-trackTime=\"\"\n            data-relatedTrack=\"\"\n            data-post-url=\"\"\n            data-post-id=\"462\"\n            data-track-pos=\"3\"\n            data-track-lyric=\"\" data-icecast_json=\"\" data-icecast_mount=\"\"><span class=\"store-list\"><\/span><\/li><li \n            class=\"sr-playlist-item sr-playlist-item-flex\" \n            data-audiopath=\"https:\/\/benjie.de\/page\/wp-content\/uploads\/2015\/12\/05---Heut-Nacht.mp3\"\n            data-showloading=\"1\"\n            data-albumTitle=\"Schatten und Licht\"\n            data-albumArt=\"\"\n            data-releasedate=\"LP 2015 \/ 2021\"\n            data-date=\"2020\/11\/13\"\n            data-show-date=\"\"\n            data-trackTitle=\"Heut Nacht\"\n            data-trackID=\"93\"\n            data-trackTime=\"\"\n            data-relatedTrack=\"\"\n            data-post-url=\"\"\n            data-post-id=\"462\"\n            data-track-pos=\"4\"\n            data-track-lyric=\"\" data-icecast_json=\"\" data-icecast_mount=\"\"><span class=\"store-list\"><\/span><\/li><li \n            class=\"sr-playlist-item sr-playlist-item-flex\" \n            data-audiopath=\"https:\/\/benjie.de\/page\/wp-content\/uploads\/2015\/12\/06---Kinder.mp3\"\n            data-showloading=\"1\"\n            data-albumTitle=\"Schatten und Licht\"\n            data-albumArt=\"\"\n            data-releasedate=\"LP 2015 \/ 2021\"\n            data-date=\"2020\/11\/13\"\n            data-show-date=\"\"\n            data-trackTitle=\"Kinder\"\n            data-trackID=\"94\"\n            data-trackTime=\"\"\n            data-relatedTrack=\"\"\n            data-post-url=\"\"\n            data-post-id=\"462\"\n            data-track-pos=\"5\"\n            data-track-lyric=\"\" data-icecast_json=\"\" data-icecast_mount=\"\"><span class=\"store-list\"><\/span><\/li><li \n            class=\"sr-playlist-item sr-playlist-item-flex\" \n            data-audiopath=\"https:\/\/benjie.de\/page\/wp-content\/uploads\/2015\/12\/07---Ich-mach-Musik.mp3\"\n            data-showloading=\"1\"\n            data-albumTitle=\"Schatten und Licht\"\n            data-albumArt=\"\"\n            data-releasedate=\"LP 2015 \/ 2021\"\n            data-date=\"2020\/11\/13\"\n            data-show-date=\"\"\n            data-trackTitle=\"Ich mach Musik\"\n            data-trackID=\"95\"\n            data-trackTime=\"\"\n            data-relatedTrack=\"\"\n            data-post-url=\"\"\n            data-post-id=\"462\"\n            data-track-pos=\"6\"\n            data-track-lyric=\"\" data-icecast_json=\"\" data-icecast_mount=\"\"><span class=\"store-list\"><\/span><\/li><li \n            class=\"sr-playlist-item sr-playlist-item-flex\" \n            data-audiopath=\"https:\/\/benjie.de\/page\/wp-content\/uploads\/2015\/12\/08---GutTun.mp3\"\n            data-showloading=\"1\"\n            data-albumTitle=\"Schatten und Licht\"\n            data-albumArt=\"\"\n            data-releasedate=\"LP 2015 \/ 2021\"\n            data-date=\"2020\/11\/13\"\n            data-show-date=\"\"\n            data-trackTitle=\"GutTun\"\n            data-trackID=\"96\"\n            data-trackTime=\"\"\n            data-relatedTrack=\"\"\n            data-post-url=\"\"\n            data-post-id=\"462\"\n            data-track-pos=\"7\"\n            data-track-lyric=\"\" data-icecast_json=\"\" data-icecast_mount=\"\"><span class=\"store-list\"><\/span><\/li><li \n            class=\"sr-playlist-item sr-playlist-item-flex\" \n            data-audiopath=\"https:\/\/benjie.de\/page\/wp-content\/uploads\/2015\/12\/09---6-Kerzen.mp3\"\n            data-showloading=\"1\"\n            data-albumTitle=\"Schatten und Licht\"\n            data-albumArt=\"\"\n            data-releasedate=\"LP 2015 \/ 2021\"\n            data-date=\"2020\/11\/13\"\n            data-show-date=\"\"\n            data-trackTitle=\"6 Kerzen\"\n            data-trackID=\"97\"\n            data-trackTime=\"\"\n            data-relatedTrack=\"\"\n            data-post-url=\"\"\n            data-post-id=\"462\"\n            data-track-pos=\"8\"\n            data-track-lyric=\"\" data-icecast_json=\"\" data-icecast_mount=\"\"><span class=\"store-list\"><\/span><\/li><li \n            class=\"sr-playlist-item sr-playlist-item-flex\" \n            data-audiopath=\"https:\/\/benjie.de\/page\/wp-content\/uploads\/2015\/12\/10---Noch-da.mp3\"\n            data-showloading=\"1\"\n            data-albumTitle=\"Schatten und Licht\"\n            data-albumArt=\"\"\n            data-releasedate=\"LP 2015 \/ 2021\"\n            data-date=\"2020\/11\/13\"\n            data-show-date=\"\"\n            data-trackTitle=\"Noch da\"\n            data-trackID=\"100\"\n            data-trackTime=\"\"\n            data-relatedTrack=\"\"\n            data-post-url=\"\"\n            data-post-id=\"462\"\n            data-track-pos=\"9\"\n            data-track-lyric=\"\" data-icecast_json=\"\" data-icecast_mount=\"\"><span class=\"store-list\"><\/span><\/li><li \n            class=\"sr-playlist-item sr-playlist-item-flex\" \n            data-audiopath=\"https:\/\/benjie.de\/page\/wp-content\/uploads\/2015\/12\/11---Sonnenschein.mp3\"\n            data-showloading=\"1\"\n            data-albumTitle=\"Schatten und Licht\"\n            data-albumArt=\"\"\n            data-releasedate=\"LP 2015 \/ 2021\"\n            data-date=\"2020\/11\/13\"\n            data-show-date=\"\"\n            data-trackTitle=\"Sonnenschein\"\n            data-trackID=\"101\"\n            data-trackTime=\"\"\n            data-relatedTrack=\"\"\n            data-post-url=\"\"\n            data-post-id=\"462\"\n            data-track-pos=\"10\"\n            data-track-lyric=\"\" data-icecast_json=\"\" data-icecast_mount=\"\"><span class=\"store-list\"><\/span><\/li><li \n            class=\"sr-playlist-item sr-playlist-item-flex\" \n            data-audiopath=\"https:\/\/benjie.de\/page\/wp-content\/uploads\/2015\/12\/12---Wach-auf.mp3\"\n            data-showloading=\"1\"\n            data-albumTitle=\"Schatten und Licht\"\n            data-albumArt=\"\"\n            data-releasedate=\"LP 2015 \/ 2021\"\n            data-date=\"2020\/11\/13\"\n            data-show-date=\"\"\n            data-trackTitle=\"Wach auf\"\n            data-trackID=\"102\"\n            data-trackTime=\"\"\n            data-relatedTrack=\"\"\n            data-post-url=\"\"\n            data-post-id=\"462\"\n            data-track-pos=\"11\"\n            data-track-lyric=\"\" data-icecast_json=\"\" data-icecast_mount=\"\"><span class=\"store-list\"><\/span><\/li><\/ul><\/div><\/div><div class=\"album-store\"><\/div><\/div><script>if(typeof setIronAudioplayers !== \"undefined\"){ setIronAudioplayers(\"arbitrary-instance-69f89fcec7b17\"); }<\/script><\/article>\n<\/div>\n<\/div><\/div>\n\n\n\n<div style=\"height:40px\" aria-hidden=\"true\" class=\"wp-block-spacer\"><\/div>\n\n\n\n<h2 class=\"wp-block-heading has-small-font-size\" id=\"CREDITS\"><\/h2>\n\n\n\n<div id=\"Credits1\" class=\"wp-block-themeisle-blocks-advanced-columns has-1-columns has-desktop-equal-layout has-tablet-equal-layout has-mobile-collapsedRows-layout has-vertical-unset\"><div class=\"wp-block-themeisle-blocks-advanced-columns-overlay\"><\/div><div class=\"innerblocks-wrap\">\n<div id=\"wp-block-themeisle-blocks-advanced-column-c05f7347\" class=\"wp-block-themeisle-blocks-advanced-column\">\n<h3 style=\"text-align: center;\"><strong>CREDITS<br \/><\/strong><\/h3>\n\n\n\n<div id=\"wp-block-themeisle-blocks-advanced-columns-029bfadc\" class=\"wp-block-themeisle-blocks-advanced-columns has-1-columns has-desktop-equal-layout has-tablet-equal-layout has-mobile-collapsedRows-layout has-vertical-unset has-dark-bg\"><div class=\"wp-block-themeisle-blocks-advanced-columns-overlay\"><\/div><div class=\"innerblocks-wrap\">\n<div id=\"wp-block-themeisle-blocks-advanced-column-a3a56f3f\" class=\"wp-block-themeisle-blocks-advanced-column\">\n<p style=\"text-align: center;\"><strong>Text &amp; Musik:<\/strong><br \/>Benjamin Kastner<\/p>\n<p style=\"text-align: center;\"><strong>Mix &amp; Aufnahmen:<\/strong><br \/>LoneRanger Studio<\/p>\n<p style=\"text-align: center;\"><strong>Master:<\/strong> <br \/>P. J. Jordan @ <a href=\"http:\/\/www.pjmusic.de\" target=\"_blank\" rel=\"noopener\">PJ Music<\/a><\/p>\n<p style=\"text-align: center;\"><strong>Artwork :<br \/><\/strong>BigBen\u00a0<\/p>\n<\/div>\n<\/div><\/div>\n<\/div>\n<\/div><\/div>\n\n\n\n<div style=\"height:40px\" aria-hidden=\"true\" class=\"wp-block-spacer\"><\/div>\n","protected":false},"excerpt":{"rendered":"","protected":false},"author":1,"featured_media":0,"parent":160,"menu_order":1,"comment_status":"closed","ping_status":"closed","template":"","meta":{"_themeisle_gutenberg_block_has_review":false,"footnotes":""},"_links":{"self":[{"href":"https:\/\/benjie.de\/page\/wp-json\/wp\/v2\/pages\/253"}],"collection":[{"href":"https:\/\/benjie.de\/page\/wp-json\/wp\/v2\/pages"}],"about":[{"href":"https:\/\/benjie.de\/page\/wp-json\/wp\/v2\/types\/page"}],"author":[{"embeddable":true,"href":"https:\/\/benjie.de\/page\/wp-json\/wp\/v2\/users\/1"}],"replies":[{"embeddable":true,"href":"https:\/\/benjie.de\/page\/wp-json\/wp\/v2\/comments?post=253"}],"version-history":[{"count":171,"href":"https:\/\/benjie.de\/page\/wp-json\/wp\/v2\/pages\/253\/revisions"}],"predecessor-version":[{"id":2608,"href":"https:\/\/benjie.de\/page\/wp-json\/wp\/v2\/pages\/253\/revisions\/2608"}],"up":[{"embeddable":true,"href":"https:\/\/benjie.de\/page\/wp-json\/wp\/v2\/pages\/160"}],"wp:attachment":[{"href":"https:\/\/benjie.de\/page\/wp-json\/wp\/v2\/media?parent=253"}],"curies":[{"name":"wp","href":"https:\/\/api.w.org\/{rel}","templated":true}]}}