{"id":221,"date":"2017-06-29T07:26:24","date_gmt":"2017-06-29T07:26:24","guid":{"rendered":"http:\/\/benjie.de\/page\/?page_id=221"},"modified":"2023-10-07T10:43:55","modified_gmt":"2023-10-07T10:43:55","slug":"so-gesehen","status":"publish","type":"page","link":"https:\/\/benjie.de\/page\/musik\/so-gesehen\/","title":{"rendered":"So Gesehen"},"content":{"rendered":"\n<div id=\"wp-block-themeisle-blocks-advanced-columns-7a3cd0a6\" class=\"wp-block-themeisle-blocks-advanced-columns has-1-columns has-desktop-equal-layout has-tablet-equal-layout has-mobile-equal-layout has-vertical-unset\"><div class=\"wp-block-themeisle-blocks-advanced-columns-overlay\"><\/div><div class=\"innerblocks-wrap\">\n<div id=\"wp-block-themeisle-blocks-advanced-column-e8dbd408\" class=\"wp-block-themeisle-blocks-advanced-column\"><div class=\"wp-block-themeisle-blocks-advanced-column-overlay\"><\/div>\n<figure class=\"wp-block-image size-large has-custom-border is-style-default\"><img decoding=\"async\" loading=\"lazy\" width=\"1024\" height=\"908\" src=\"https:\/\/benjie.de\/page\/wp-content\/uploads\/2023\/09\/SoGesehen_Front-1024x908.jpg\" alt=\"So Gesehen Cover\" class=\"has-border-color has-ti-bg-border-color wp-image-1830\" style=\"border-width:6px;border-radius:12px\" srcset=\"https:\/\/benjie.de\/page\/wp-content\/uploads\/2023\/09\/SoGesehen_Front-1024x908.jpg 1024w, https:\/\/benjie.de\/page\/wp-content\/uploads\/2023\/09\/SoGesehen_Front-300x266.jpg 300w, https:\/\/benjie.de\/page\/wp-content\/uploads\/2023\/09\/SoGesehen_Front-768x681.jpg 768w, https:\/\/benjie.de\/page\/wp-content\/uploads\/2023\/09\/SoGesehen_Front-1536x1362.jpg 1536w, https:\/\/benjie.de\/page\/wp-content\/uploads\/2023\/09\/SoGesehen_Front-2048x1816.jpg 2048w\" sizes=\"(max-width: 1024px) 100vw, 1024px\" \/><\/figure>\n\n\n\n<div id=\"wp-block-themeisle-blocks-advanced-columns-7a647423\" class=\"wp-block-themeisle-blocks-advanced-columns has-1-columns has-desktop-equal-layout has-tablet-equal-layout has-mobile-equal-layout has-vertical-unset\"><div class=\"wp-block-themeisle-blocks-advanced-columns-overlay\"><\/div><div class=\"innerblocks-wrap\">\n<div id=\"wp-block-themeisle-blocks-advanced-column-f253050a\" class=\"wp-block-themeisle-blocks-advanced-column has-dark-bg\">\n<div id=\"wp-block-themeisle-blocks-advanced-columns-77a59c3b\" class=\"wp-block-themeisle-blocks-advanced-columns has-1-columns has-desktop-equal-layout has-tablet-equal-layout has-mobile-collapsedRows-layout has-vertical-unset\"><div class=\"wp-block-themeisle-blocks-advanced-columns-overlay\"><\/div><div class=\"innerblocks-wrap\">\n<div id=\"wp-block-themeisle-blocks-advanced-column-b40b9557\" class=\"wp-block-themeisle-blocks-advanced-column\">\n<p><strong>Release: <\/strong>2003 DHF \/ Peperone Rec.<br \/><strong>Format:<\/strong> 12 Songs, CD, MP3<\/p>\n<p>Das Debutalbum entstand \u00fcber einen Zeitraum von vier Jahren als Folge der Produktion des Songs Ganja Smoka (1998). Aus unz\u00e4hligen recht grob daheim erstellten Skizzen wurden ausgew\u00e4hlte Songs im DPS-Studio Hannover teils gemeinsam mit verschiedenen Musikern ausproduziert. Nach der Schlie\u00dfung von DefJam Germany wanderte das unver\u00f6ffentlichte Album, zusammen mit dem bis heute nicht ver\u00f6ffentlichten Video zur original Version von &#8220;Sommerzeit&#8221;, in die Schubladen des Mutterhauses Universal. Durch Verzicht auf Beteiligung am Verkauf gelang es am Ende doch noch das Album via <br \/>Indie-Label zu ver\u00f6ffentlichen und im Anschluss die entstandenen Abh\u00e4ngigkeiten zu l\u00f6sen.<\/p>\n<\/div>\n<\/div><\/div>\n<\/div>\n<\/div><\/div>\n<\/div>\n<\/div><\/div>\n\n\n\n<div style=\"height:40px\" aria-hidden=\"true\" class=\"wp-block-spacer\"><\/div>\n\n\n\n<h2 class=\"wp-block-heading has-small-font-size\" id=\"PLAYER\"><\/h2>\n\n\n\n<div id=\"wp-block-themeisle-blocks-advanced-columns-0592bd48\" class=\"wp-block-themeisle-blocks-advanced-columns has-1-columns has-desktop-equal-layout has-tablet-equal-layout has-mobile-equal-layout has-vertical-unset\"><div class=\"wp-block-themeisle-blocks-advanced-columns-overlay\"><\/div><div class=\"innerblocks-wrap\">\n<div id=\"wp-block-themeisle-blocks-advanced-column-66cd6766\" class=\"wp-block-themeisle-blocks-advanced-column has-dark-bg\">\n<article id=\"arbitrary-instance-69f8a00c6b88f\" class=\"iron_widget_radio playlist_enabled sr_track_inline_cta_bt__yes\"><div class=\"iron-audioplayer  show-playlist sonaar-no-artwork sr_waveform_mediaElement playlist_has_no_ctas srp_tracklist_grid\" id=\"arbitrary-instance-69f8a00c6b88f-a9c056913a\" data-id=\"arbitrary-instance-69f8a00c6b88f\" data-albums=\"475\"data-url-playlist=\"https:\/\/benjie.de\/page\/?load=playlist.json&#038;title=&#038;albums=475&#038;category=&#038;feed_title=&#038;feed=&#038;feed_img=&#038;el_widget_id=&#038;artwork=&#038;posts_per_pages=-1&#038;all_category=&#038;single_playlist=&#038;reverse_tracklist=&#038;audio_meta_field=&#038;repeater_meta_field=&#038;import_file=&#038;rss_items=-1&#038;rss_item_title=&#038;is_favorite=\" data-sticky-player=\"0\" data-shuffle=\"\" data-playlist_title=\"\" data-scrollbar=\"\" data-wave-color=\"\" data-wave-progress-color=\"\" data-spectro=\"\" data-no-wave=\"0\" data-hide-progressbar=\"\" data-progress-bar-style=\"\"data-feedurl=\"0\" data-notrackskip=\"\" data-no-loop-tracklist=\"\" data-playertemplate =\"skin_boxed_tracklist\" data-hide-artwork =\"1\" data-speedrate=\"1\" \" data-tracks-per-page=\"\" data-adaptive-colors=\"\" data-adaptive-colors-freeze=\"\" data-col=\"4\" data-col-tablet=\"3\" data-col-mobile=\"2\" style=\"opacity:0;\"><div class=\"srp_player_boxed srp_player_grid\"><div class=\"album-player\"><div class=\"album-title\"><\/div><div class=\"srp_subtitle\">LP 2003<\/div><div class=\"srp_player_meta\"><\/div><div class=\"srp_control_box\">\n            <div class=\"srp-play-button play\" href=\"#\" aria-label=\"Play\">\n                <i class=\"sricon-play\"><\/i>\n                <div class=\"srp-play-circle\"><\/div>\n            <\/div><div class=\"srp_wave_box\"> <div class=\"player \" ><div class=\"sr_progressbar\">\n                \n            <div class=\"currentTime\"><\/div>\n         \n                <div id=\"arbitrary-instance-69f8a00c6b88f-a80b74dfca-wave\" class=\"wave\" >\n                \n            <div class=\"sonaar_fake_wave\" style=\"height:70px\">\n                <audio src=\"\" class=\"sonaar_media_element\"><\/audio>\n                <div class=\"sonaar_wave_base\">\n                    <canvas id=arbitrary-instance-69f8a00c6b88f-container class=\"\" height=\"70\" width=\"2540\"><\/canvas>\n                    <svg><\/svg>\n                <\/div>\n                <div class=\"sonaar_wave_cut\">\n                    <canvas id=arbitrary-instance-69f8a00c6b88f-progress class=\"\" height=\"70\" width=\"2540\"><\/canvas>\n                    <svg><\/svg>\n                <\/div>\n            <\/div> \n                <\/div>\n                \n            <div class=\"totalTime\"><\/div>\n         \n             <\/div><\/div><div class=\"control\"><div class=\"previous sricon-back\" style=\"opacity:0;\" aria-label=\"Previous Track\"><\/div><div class=\"play\" style=\"opacity:0;\" aria-label=\"Play\">\n                <i class=\"sricon-play\"><\/i>\n            <\/div><div class=\"next sricon-forward\" style=\"opacity:0;\" aria-label=\"Next Track\"><\/div><\/div><\/div><\/div><\/div><\/div><div class=\"playlist\" id=\"playlist_arbitrary-instance-69f8a00c6b88f\"><div class=\"srp_tracklist\"><ul class=\"srp_list\"><li \n            class=\"sr-playlist-item sr-playlist-item-flex\" \n            data-audiopath=\"https:\/\/benjie.de\/page\/wp-content\/uploads\/2017\/06\/01-Abgehen.mp3\"\n            data-showloading=\"1\"\n            data-albumTitle=\"So gesehen\"\n            data-albumArt=\"\"\n            data-releasedate=\"LP 2003\"\n            data-date=\"2020\/11\/15\"\n            data-show-date=\"\"\n            data-trackTitle=\"Abgehen\"\n            data-trackID=\"233\"\n            data-trackTime=\"3:42\"\n            data-relatedTrack=\"\"\n            data-post-url=\"\"\n            data-post-id=\"475\"\n            data-track-pos=\"0\"\n            data-track-lyric=\"\" data-icecast_json=\"\" data-icecast_mount=\"\"><span class=\"store-list\"><\/span><\/li><li \n            class=\"sr-playlist-item sr-playlist-item-flex\" \n            data-audiopath=\"https:\/\/benjie.de\/page\/wp-content\/uploads\/2017\/06\/02-Sommerzeit.mp3\"\n            data-showloading=\"1\"\n            data-albumTitle=\"So gesehen\"\n            data-albumArt=\"\"\n            data-releasedate=\"LP 2003\"\n            data-date=\"2020\/11\/15\"\n            data-show-date=\"\"\n            data-trackTitle=\"Sommerzeit\"\n            data-trackID=\"234\"\n            data-trackTime=\"3:19\"\n            data-relatedTrack=\"\"\n            data-post-url=\"\"\n            data-post-id=\"475\"\n            data-track-pos=\"1\"\n            data-track-lyric=\"\" data-icecast_json=\"\" data-icecast_mount=\"\"><span class=\"store-list\"><\/span><\/li><li \n            class=\"sr-playlist-item sr-playlist-item-flex\" \n            data-audiopath=\"https:\/\/benjie.de\/page\/wp-content\/uploads\/2017\/06\/03-906090.mp3\"\n            data-showloading=\"1\"\n            data-albumTitle=\"So gesehen\"\n            data-albumArt=\"\"\n            data-releasedate=\"LP 2003\"\n            data-date=\"2020\/11\/15\"\n            data-show-date=\"\"\n            data-trackTitle=\"90 60 90\"\n            data-trackID=\"235\"\n            data-trackTime=\"3:44\"\n            data-relatedTrack=\"\"\n            data-post-url=\"\"\n            data-post-id=\"475\"\n            data-track-pos=\"2\"\n            data-track-lyric=\"\" data-icecast_json=\"\" data-icecast_mount=\"\"><span class=\"store-list\"><\/span><\/li><li \n            class=\"sr-playlist-item sr-playlist-item-flex\" \n            data-audiopath=\"https:\/\/benjie.de\/page\/wp-content\/uploads\/2017\/06\/04-Ich-wil-ltanzen.mp3\"\n            data-showloading=\"1\"\n            data-albumTitle=\"So gesehen\"\n            data-albumArt=\"\"\n            data-releasedate=\"LP 2003\"\n            data-date=\"2020\/11\/15\"\n            data-show-date=\"\"\n            data-trackTitle=\"Ich will tanzen\"\n            data-trackID=\"236\"\n            data-trackTime=\"4:08\"\n            data-relatedTrack=\"\"\n            data-post-url=\"\"\n            data-post-id=\"475\"\n            data-track-pos=\"3\"\n            data-track-lyric=\"\" data-icecast_json=\"\" data-icecast_mount=\"\"><span class=\"store-list\"><\/span><\/li><li \n            class=\"sr-playlist-item sr-playlist-item-flex\" \n            data-audiopath=\"https:\/\/benjie.de\/page\/wp-content\/uploads\/2017\/06\/05-Laberlaber.mp3\"\n            data-showloading=\"1\"\n            data-albumTitle=\"So gesehen\"\n            data-albumArt=\"\"\n            data-releasedate=\"LP 2003\"\n            data-date=\"2020\/11\/15\"\n            data-show-date=\"\"\n            data-trackTitle=\"Laber Laber\"\n            data-trackID=\"237\"\n            data-trackTime=\"5:25\"\n            data-relatedTrack=\"\"\n            data-post-url=\"\"\n            data-post-id=\"475\"\n            data-track-pos=\"4\"\n            data-track-lyric=\"\" data-icecast_json=\"\" data-icecast_mount=\"\"><span class=\"store-list\"><\/span><\/li><li \n            class=\"sr-playlist-item sr-playlist-item-flex\" \n            data-audiopath=\"https:\/\/benjie.de\/page\/wp-content\/uploads\/2017\/06\/06-Die-Kuschelei.mp3\"\n            data-showloading=\"1\"\n            data-albumTitle=\"So gesehen\"\n            data-albumArt=\"\"\n            data-releasedate=\"LP 2003\"\n            data-date=\"2020\/11\/15\"\n            data-show-date=\"\"\n            data-trackTitle=\"Die Kuschelei\"\n            data-trackID=\"238\"\n            data-trackTime=\"3:26\"\n            data-relatedTrack=\"\"\n            data-post-url=\"\"\n            data-post-id=\"475\"\n            data-track-pos=\"5\"\n            data-track-lyric=\"\" data-icecast_json=\"\" data-icecast_mount=\"\"><span class=\"store-list\"><\/span><\/li><li \n            class=\"sr-playlist-item sr-playlist-item-flex\" \n            data-audiopath=\"https:\/\/benjie.de\/page\/wp-content\/uploads\/2017\/06\/07-Null.mp3\"\n            data-showloading=\"1\"\n            data-albumTitle=\"So gesehen\"\n            data-albumArt=\"\"\n            data-releasedate=\"LP 2003\"\n            data-date=\"2020\/11\/15\"\n            data-show-date=\"\"\n            data-trackTitle=\"Null\"\n            data-trackID=\"239\"\n            data-trackTime=\"3:44\"\n            data-relatedTrack=\"\"\n            data-post-url=\"\"\n            data-post-id=\"475\"\n            data-track-pos=\"6\"\n            data-track-lyric=\"\" data-icecast_json=\"\" data-icecast_mount=\"\"><span class=\"store-list\"><\/span><\/li><li \n            class=\"sr-playlist-item sr-playlist-item-flex\" \n            data-audiopath=\"https:\/\/benjie.de\/page\/wp-content\/uploads\/2017\/06\/08-Ganjasmoka.mp3\"\n            data-showloading=\"1\"\n            data-albumTitle=\"So gesehen\"\n            data-albumArt=\"\"\n            data-releasedate=\"LP 2003\"\n            data-date=\"2020\/11\/15\"\n            data-show-date=\"\"\n            data-trackTitle=\"Ganja Smoka\"\n            data-trackID=\"240\"\n            data-trackTime=\"3:55\"\n            data-relatedTrack=\"\"\n            data-post-url=\"\"\n            data-post-id=\"475\"\n            data-track-pos=\"7\"\n            data-track-lyric=\"\" data-icecast_json=\"\" data-icecast_mount=\"\"><span class=\"store-list\"><\/span><\/li><li \n            class=\"sr-playlist-item sr-playlist-item-flex\" \n            data-audiopath=\"https:\/\/benjie.de\/page\/wp-content\/uploads\/2017\/06\/09-Du-luegst-1.mp3\"\n            data-showloading=\"1\"\n            data-albumTitle=\"So gesehen\"\n            data-albumArt=\"\"\n            data-releasedate=\"LP 2003\"\n            data-date=\"2020\/11\/15\"\n            data-show-date=\"\"\n            data-trackTitle=\"Du L\u00fcgst\"\n            data-trackID=\"244\"\n            data-trackTime=\"3:58\"\n            data-relatedTrack=\"\"\n            data-post-url=\"\"\n            data-post-id=\"475\"\n            data-track-pos=\"8\"\n            data-track-lyric=\"\" data-icecast_json=\"\" data-icecast_mount=\"\"><span class=\"store-list\"><\/span><\/li><li \n            class=\"sr-playlist-item sr-playlist-item-flex\" \n            data-audiopath=\"https:\/\/benjie.de\/page\/wp-content\/uploads\/2017\/06\/10-Ich-glaubs-nicht.mp3\"\n            data-showloading=\"1\"\n            data-albumTitle=\"So gesehen\"\n            data-albumArt=\"\"\n            data-releasedate=\"LP 2003\"\n            data-date=\"2020\/11\/15\"\n            data-show-date=\"\"\n            data-trackTitle=\"Ich glaub\u2019s nicht\"\n            data-trackID=\"241\"\n            data-trackTime=\"4:10\"\n            data-relatedTrack=\"\"\n            data-post-url=\"\"\n            data-post-id=\"475\"\n            data-track-pos=\"9\"\n            data-track-lyric=\"\" data-icecast_json=\"\" data-icecast_mount=\"\"><span class=\"store-list\"><\/span><\/li><li \n            class=\"sr-playlist-item sr-playlist-item-flex\" \n            data-audiopath=\"https:\/\/benjie.de\/page\/wp-content\/uploads\/2017\/06\/11-Sound-ist-meine-Welt.mp3\"\n            data-showloading=\"1\"\n            data-albumTitle=\"So gesehen\"\n            data-albumArt=\"\"\n            data-releasedate=\"LP 2003\"\n            data-date=\"2020\/11\/15\"\n            data-show-date=\"\"\n            data-trackTitle=\"Sound ist meine Welt\"\n            data-trackID=\"245\"\n            data-trackTime=\"3:51\"\n            data-relatedTrack=\"\"\n            data-post-url=\"\"\n            data-post-id=\"475\"\n            data-track-pos=\"10\"\n            data-track-lyric=\"\" data-icecast_json=\"\" data-icecast_mount=\"\"><span class=\"store-list\"><\/span><\/li><li \n            class=\"sr-playlist-item sr-playlist-item-flex\" \n            data-audiopath=\"https:\/\/benjie.de\/page\/wp-content\/uploads\/2017\/06\/12-Ruhig-Blut.mp3\"\n            data-showloading=\"1\"\n            data-albumTitle=\"So gesehen\"\n            data-albumArt=\"\"\n            data-releasedate=\"LP 2003\"\n            data-date=\"2020\/11\/15\"\n            data-show-date=\"\"\n            data-trackTitle=\"Ruhig Blut\"\n            data-trackID=\"242\"\n            data-trackTime=\"4:08\"\n            data-relatedTrack=\"\"\n            data-post-url=\"\"\n            data-post-id=\"475\"\n            data-track-pos=\"11\"\n            data-track-lyric=\"\" data-icecast_json=\"\" data-icecast_mount=\"\"><span class=\"store-list\"><\/span><\/li><\/ul><\/div><\/div><div class=\"album-store\"><\/div><\/div><script>if(typeof setIronAudioplayers !== \"undefined\"){ setIronAudioplayers(\"arbitrary-instance-69f8a00c6b88f\"); }<\/script><\/article>\n<\/div>\n<\/div><\/div>\n\n\n\n<div style=\"height:40px\" aria-hidden=\"true\" class=\"wp-block-spacer\"><\/div>\n\n\n\n<h2 class=\"wp-block-heading has-small-font-size\" id=\"ARTWORK\"><\/h2>\n\n\n\n<div id=\"wp-block-themeisle-blocks-advanced-columns-7f01d660\" class=\"wp-block-themeisle-blocks-advanced-columns has-1-columns has-desktop-equal-layout has-tablet-equal-layout has-mobile-collapsedRows-layout has-vertical-unset\"><div class=\"wp-block-themeisle-blocks-advanced-columns-overlay\"><\/div><div class=\"innerblocks-wrap\">\n<div id=\"wp-block-themeisle-blocks-advanced-column-74503c06\" class=\"wp-block-themeisle-blocks-advanced-column\">\n<h3 style=\"text-align: center;\"><strong>ARTWORK<br \/><\/strong><\/h3>\n\n\n\n<div id=\"wp-block-themeisle-blocks-advanced-columns-9d7162dc\" class=\"wp-block-themeisle-blocks-advanced-columns has-1-columns has-desktop-equal-layout has-tablet-equal-layout has-mobile-collapsedRows-layout has-vertical-center has-dark-bg\"><div class=\"wp-block-themeisle-blocks-advanced-columns-overlay\"><\/div><div class=\"innerblocks-wrap\">\n<div id=\"wp-block-themeisle-blocks-advanced-column-a0a41fdf\" class=\"wp-block-themeisle-blocks-advanced-column\">\n<div id=\"wp-block-themeisle-blocks-advanced-columns-30f6308f\" class=\"wp-block-themeisle-blocks-advanced-columns has-2-columns has-desktop-equal-layout has-tablet-equal-layout has-mobile-collapsedRows-layout has-vertical-center\"><div class=\"wp-block-themeisle-blocks-advanced-columns-overlay\"><\/div><div class=\"innerblocks-wrap\">\n<div id=\"wp-block-themeisle-blocks-advanced-column-87629a5d\" class=\"wp-block-themeisle-blocks-advanced-column\">\n<figure class=\"wp-block-image aligncenter size-large has-custom-border\"><img decoding=\"async\" loading=\"lazy\" width=\"1024\" height=\"913\" src=\"https:\/\/benjie.de\/page\/wp-content\/uploads\/2023\/09\/SoGesehen_Back-1024x913.png\" alt=\"\" class=\"has-border-color wp-image-1822\" style=\"border-color:#111111;border-width:6px;border-radius:8px;aspect-ratio:1;object-fit:cover\" srcset=\"https:\/\/benjie.de\/page\/wp-content\/uploads\/2023\/09\/SoGesehen_Back-1024x913.png 1024w, https:\/\/benjie.de\/page\/wp-content\/uploads\/2023\/09\/SoGesehen_Back-300x267.png 300w, https:\/\/benjie.de\/page\/wp-content\/uploads\/2023\/09\/SoGesehen_Back-768x685.png 768w, https:\/\/benjie.de\/page\/wp-content\/uploads\/2023\/09\/SoGesehen_Back-1536x1369.png 1536w, https:\/\/benjie.de\/page\/wp-content\/uploads\/2023\/09\/SoGesehen_Back-2048x1826.png 2048w\" sizes=\"(max-width: 1024px) 100vw, 1024px\" \/><\/figure>\n<\/div>\n\n\n\n<div id=\"wp-block-themeisle-blocks-advanced-column-5a31f7e3\" class=\"wp-block-themeisle-blocks-advanced-column\">\n<figure class=\"wp-block-image aligncenter size-large\"><img decoding=\"async\" loading=\"lazy\" width=\"1024\" height=\"1024\" src=\"https:\/\/benjie.de\/page\/wp-content\/uploads\/2023\/09\/SoGesehen_CD-1024x1024.png\" alt=\"\" class=\"wp-image-1823\" style=\"aspect-ratio:1;object-fit:cover\" srcset=\"https:\/\/benjie.de\/page\/wp-content\/uploads\/2023\/09\/SoGesehen_CD-1024x1024.png 1024w, https:\/\/benjie.de\/page\/wp-content\/uploads\/2023\/09\/SoGesehen_CD-300x300.png 300w, https:\/\/benjie.de\/page\/wp-content\/uploads\/2023\/09\/SoGesehen_CD-150x150.png 150w, https:\/\/benjie.de\/page\/wp-content\/uploads\/2023\/09\/SoGesehen_CD-768x768.png 768w, https:\/\/benjie.de\/page\/wp-content\/uploads\/2023\/09\/SoGesehen_CD-1536x1536.png 1536w, https:\/\/benjie.de\/page\/wp-content\/uploads\/2023\/09\/SoGesehen_CD-2048x2048.png 2048w, https:\/\/benjie.de\/page\/wp-content\/uploads\/2023\/09\/SoGesehen_CD-450x450.png 450w, https:\/\/benjie.de\/page\/wp-content\/uploads\/2023\/09\/SoGesehen_CD-250x250.png 250w\" sizes=\"(max-width: 1024px) 100vw, 1024px\" \/><\/figure>\n<\/div>\n<\/div><\/div>\n<\/div>\n<\/div><\/div>\n<\/div>\n<\/div><\/div>\n\n\n\n<div style=\"height:40px\" aria-hidden=\"true\" class=\"wp-block-spacer\"><\/div>\n\n\n\n<h2 class=\"wp-block-heading has-small-font-size\" id=\"CREDITS\"><\/h2>\n\n\n\n<div id=\"wp-block-themeisle-blocks-advanced-columns-b73e8c30\" class=\"wp-block-themeisle-blocks-advanced-columns has-1-columns has-desktop-equal-layout has-tablet-equal-layout has-mobile-collapsedRows-layout has-vertical-unset\"><div class=\"wp-block-themeisle-blocks-advanced-columns-overlay\"><\/div><div class=\"innerblocks-wrap\">\n<div id=\"wp-block-themeisle-blocks-advanced-column-7e91886e\" class=\"wp-block-themeisle-blocks-advanced-column\">\n<h3 style=\"text-align: center;\"><strong>CREDITS<br \/><\/strong><\/h3>\n\n\n\n<div id=\"wp-block-themeisle-blocks-advanced-columns-62881b98\" class=\"wp-block-themeisle-blocks-advanced-columns has-2-columns has-desktop-equal-layout has-tablet-equal-layout has-mobile-collapsedRows-layout has-vertical-unset ticss-029bfadc has-dark-bg\"><div class=\"wp-block-themeisle-blocks-advanced-columns-overlay\"><\/div><div class=\"innerblocks-wrap\">\n<div id=\"wp-block-themeisle-blocks-advanced-column-7b82c7d9\" class=\"wp-block-themeisle-blocks-advanced-column\">\n<p><strong>Text &amp; Musik:<\/strong><br \/>Benjamin Kastner<\/p>\n<p><strong>Produktion &amp; Aufnahme:<\/strong><br \/>Helmut Haferland @<br \/>DPS-Productions Hannover<\/p>\n<p><strong>Artwork :<\/strong><br \/>C. Riebe, C. Lutz-Weicken (Satz)<\/p>\n<\/div>\n\n\n\n<div id=\"wp-block-themeisle-blocks-advanced-column-306437ac\" class=\"wp-block-themeisle-blocks-advanced-column\">\n<p><strong>Abgehn!<\/strong><br \/>Frauenstimme: Liza C.<\/p>\n<p><strong>90 60 90<\/strong><br \/>Rufer: Dosa<\/p>\n<p><strong>Laber Laber<\/strong><br \/>Chor: Leinespatzen<\/p>\n<p><strong>Die Kuschelei<\/strong><br \/>Frauenstimme: Julia G\u00fcnther<\/p>\n<p><strong>Null<\/strong><br \/>Scratches: madMixx<\/p>\n<p>I<strong>ch glaub&#8217;s nicht<\/strong><br \/>Bass: R. Oberbandscheid<br \/>Chor: Leinespatzen<\/p>\n<p><strong>Ruhig Blut<\/strong><br \/>Lyra &amp; Bouzouki: Ilektra Anthimidou<br \/>Gitarre: R. Thurlow<br \/>Frauenstimme: Alice Elombat<\/p>\n<p><strong>Saxofon<\/strong> Track 7, 8, 10, 11:<br \/>Helmut Haferland<\/p>\n<p><strong>Posaune und Horn<\/strong> Track 7, 8, 10:<br \/>C. Riebe<\/p>\n<p><strong>Percussion<\/strong> Track 1, 2, 7, 8, 10, 12:<br \/>Dosa<\/p>\n<\/div>\n<\/div><\/div>\n<\/div>\n<\/div><\/div>\n\n\n\n<div style=\"height:40px\" aria-hidden=\"true\" class=\"wp-block-spacer\"><\/div>\n","protected":false},"excerpt":{"rendered":"","protected":false},"author":1,"featured_media":0,"parent":160,"menu_order":6,"comment_status":"closed","ping_status":"closed","template":"","meta":{"_themeisle_gutenberg_block_has_review":false,"footnotes":""},"_links":{"self":[{"href":"https:\/\/benjie.de\/page\/wp-json\/wp\/v2\/pages\/221"}],"collection":[{"href":"https:\/\/benjie.de\/page\/wp-json\/wp\/v2\/pages"}],"about":[{"href":"https:\/\/benjie.de\/page\/wp-json\/wp\/v2\/types\/page"}],"author":[{"embeddable":true,"href":"https:\/\/benjie.de\/page\/wp-json\/wp\/v2\/users\/1"}],"replies":[{"embeddable":true,"href":"https:\/\/benjie.de\/page\/wp-json\/wp\/v2\/comments?post=221"}],"version-history":[{"count":106,"href":"https:\/\/benjie.de\/page\/wp-json\/wp\/v2\/pages\/221\/revisions"}],"predecessor-version":[{"id":2603,"href":"https:\/\/benjie.de\/page\/wp-json\/wp\/v2\/pages\/221\/revisions\/2603"}],"up":[{"embeddable":true,"href":"https:\/\/benjie.de\/page\/wp-json\/wp\/v2\/pages\/160"}],"wp:attachment":[{"href":"https:\/\/benjie.de\/page\/wp-json\/wp\/v2\/media?parent=221"}],"curies":[{"name":"wp","href":"https:\/\/api.w.org\/{rel}","templated":true}]}}